{"id":84,"date":"2024-01-13T09:27:03","date_gmt":"2024-01-13T12:27:03","guid":{"rendered":"http:\/\/localhost\/norteus\/?page_id=84"},"modified":"2024-06-04T09:23:21","modified_gmt":"2024-06-04T12:23:21","slug":"deals","status":"publish","type":"page","link":"https:\/\/norteus.com\/en\/deals\/","title":{"rendered":"Deals"},"content":{"rendered":"\n<h2 class=\"wp-block-heading\">Monte a melhor estrat\u00e9gia<\/h2>\n\n\n\n<h3 class=\"wp-block-heading\">O Painel de Deals permite que voc\u00ea analise transa\u00e7\u00f5es de startups para montar uma estrat\u00e9gia de M&amp;A data-driven. M\u00faltiplos com e sem earnout.<\/h3>\n","protected":false},"excerpt":{"rendered":"<p>Monte a melhor estrat\u00e9gia O Painel de Deals permite que voc\u00ea analise transa\u00e7\u00f5es de startups para montar uma estrat\u00e9gia de M&amp;A data-driven. M\u00faltiplos com e sem earnout.<\/p>\n","protected":false},"author":1,"featured_media":0,"parent":0,"menu_order":0,"comment_status":"closed","ping_status":"closed","template":"deals.php","meta":{"_acf_changed":false,"footnotes":""},"class_list":["post-84","page","type-page","status-publish","hentry"],"acf":[],"_links":{"self":[{"href":"https:\/\/norteus.com\/en\/wp-json\/wp\/v2\/pages\/84","targetHints":{"allow":["GET"]}}],"collection":[{"href":"https:\/\/norteus.com\/en\/wp-json\/wp\/v2\/pages"}],"about":[{"href":"https:\/\/norteus.com\/en\/wp-json\/wp\/v2\/types\/page"}],"author":[{"embeddable":true,"href":"https:\/\/norteus.com\/en\/wp-json\/wp\/v2\/users\/1"}],"replies":[{"embeddable":true,"href":"https:\/\/norteus.com\/en\/wp-json\/wp\/v2\/comments?post=84"}],"version-history":[{"count":1,"href":"https:\/\/norteus.com\/en\/wp-json\/wp\/v2\/pages\/84\/revisions"}],"predecessor-version":[{"id":85,"href":"https:\/\/norteus.com\/en\/wp-json\/wp\/v2\/pages\/84\/revisions\/85"}],"wp:attachment":[{"href":"https:\/\/norteus.com\/en\/wp-json\/wp\/v2\/media?parent=84"}],"curies":[{"name":"wp","href":"https:\/\/api.w.org\/{rel}","templated":true}]}}